{"id":3120,"date":"2026-02-23T17:20:56","date_gmt":"2026-02-23T16:20:56","guid":{"rendered":"https:\/\/rafanadalacademypadeltour.com\/3120-2\/"},"modified":"2026-02-25T12:27:59","modified_gmt":"2026-02-25T11:27:59","slug":"3120-2","status":"publish","type":"page","link":"http:\/\/rafanadalacademypadeltour.com\/it\/3120-2\/","title":{"rendered":""},"content":{"rendered":"\n<div class=\"wp-block-query alignfull is-layout-flow wp-block-query-is-layout-flow\">\n<div class=\"wp-block-group alignfull\" style=\"padding-top:var(--wp--preset--spacing--40);padding-right:var(--wp--preset--spacing--40);padding-bottom:var(--wp--preset--spacing--40);padding-left:var(--wp--preset--spacing--40)\"><div class=\"wp-block-group__inner-container is-layout-flow wp-block-group-is-layout-flow\"><ul style=\"text-transform:none;\" class=\"wp-block-post-template is-layout-flow wp-block-post-template-is-layout-flow\"><li class=\"wp-block-post post-2765 post type-post status-publish format-standard has-post-thumbnail hentry category-senza-categoria\">\n\n<div class=\"wp-block-group is-content-justification-left\"><div class=\"wp-block-group__inner-container is-layout-constrained wp-container-core-group-is-layout-b4bdc4c8 wp-block-group-is-layout-constrained\">\n<div class=\"wp-block-group is-vertical is-layout-flex wp-container-core-group-is-layout-438e4d21 wp-block-group-is-layout-flex\" style=\"padding-bottom:var(--wp--preset--spacing--80)\"><div style=\"font-size:0.9rem;letter-spacing:1px; margin-top:0;margin-right:0;margin-bottom:0;margin-left:0;\" class=\"has-text-align-left has-link-color wp-elements-ac2287e58ff1ab9b47e701aaabe2723e wp-block-post-date has-text-color has-contrast-color\"><time datetime=\"2026-02-24T14:09:06+01:00\">2\/24\/2026<\/time><\/div>\n\n\n<div class=\"wp-block-group\" style=\"margin-top:0;margin-bottom:0\"><div class=\"wp-block-group__inner-container is-layout-constrained wp-block-group-is-layout-constrained\"><h2 style=\"font-size:4.6rem;font-style:normal;font-weight:600;line-height:1;\" class=\"has-link-color wp-elements-6c63676d444148112043a3d23d59cf70 wp-block-post-title has-text-color has-contrast-color\"><a href=\"http:\/\/rafanadalacademypadeltour.com\/it\/il-rafa-nadal-academy-padel-tour-by-the-adecco-group-batte-record-nella-sua-seconda-edizione\/\" target=\"_self\" >Il Rafa Nadal Academy P\u00e1del Tour by The Adecco Group batte record nella sua seconda edizione:<\/a><\/h2>\n\n<div style=\"line-height:1.7;\" class=\"wp-block-post-excerpt has-small-font-size\"><p class=\"wp-block-post-excerpt__excerpt\">Maiorca ha messo il sigillo finale alla seconda edizione del Rafa Nadal Academy P\u00e1del Tour by The Adecco Group, il circuito amatoriale che nel 2025 ha riunito quasi 2.000 giocatori e si \u00e8 consolidato come una delle proposte pi\u00f9 interessanti e complete del padel amatoriale. \u201cLa prova finale disputata presso le strutture della Rafa Nadal&hellip; <\/p><\/div><\/div><\/div>\n<\/div>\n<\/div><\/div>\n\n<\/li><li class=\"wp-block-post post-2754 post type-post status-publish format-standard has-post-thumbnail hentry category-senza-categoria\">\n\n<div class=\"wp-block-group is-content-justification-left\"><div class=\"wp-block-group__inner-container is-layout-constrained wp-container-core-group-is-layout-b4bdc4c8 wp-block-group-is-layout-constrained\">\n<div class=\"wp-block-group is-vertical is-layout-flex wp-container-core-group-is-layout-438e4d21 wp-block-group-is-layout-flex\" style=\"padding-bottom:var(--wp--preset--spacing--80)\"><div style=\"font-size:0.9rem;letter-spacing:1px; margin-top:0;margin-right:0;margin-bottom:0;margin-left:0;\" class=\"has-text-align-left has-link-color wp-elements-ac2287e58ff1ab9b47e701aaabe2723e wp-block-post-date has-text-color has-contrast-color\"><time datetime=\"2026-02-24T14:06:25+01:00\">2\/24\/2026<\/time><\/div>\n\n\n<div class=\"wp-block-group\" style=\"margin-top:0;margin-bottom:0\"><div class=\"wp-block-group__inner-container is-layout-constrained wp-block-group-is-layout-constrained\"><h2 style=\"font-size:4.6rem;font-style:normal;font-weight:600;line-height:1;\" class=\"has-link-color wp-elements-6c63676d444148112043a3d23d59cf70 wp-block-post-title has-text-color has-contrast-color\"><a href=\"http:\/\/rafanadalacademypadeltour.com\/it\/gijon-ospitera-per-la-prima-volta-una-tappa-del-rafa-nadal-academy-padel-tour-by-the-adecco-group\/\" target=\"_self\" >Gij\u00f3n ospiter\u00e0 per la prima volta una tappa del Rafa Nadal Academy P\u00e1del Tour by The Adecco Group<\/a><\/h2>\n\n<div style=\"line-height:1.7;\" class=\"wp-block-post-excerpt has-small-font-size\"><p class=\"wp-block-post-excerpt__excerpt\">La citt\u00e0 di Gij\u00f3n ospiter\u00e0 per la prima volta una tappa del Rafa Nadal Academy Padel Tour by The Adecco Group dal 3 al 5 ottobre. L\u2019evento, che si svolger\u00e0 presso VADE4 PADEL INDOOR, unisce competizione, svago, divertimento e valori e fa parte di un circuito amatoriale di padel che lo scorso anno ha riunito&hellip; <\/p><\/div><\/div><\/div>\n<\/div>\n<\/div><\/div>\n\n<\/li><li class=\"wp-block-post post-2774 post type-post status-publish format-standard has-post-thumbnail hentry category-senza-categoria\">\n\n<div class=\"wp-block-group is-content-justification-left\"><div class=\"wp-block-group__inner-container is-layout-constrained wp-container-core-group-is-layout-b4bdc4c8 wp-block-group-is-layout-constrained\">\n<div class=\"wp-block-group is-vertical is-layout-flex wp-container-core-group-is-layout-438e4d21 wp-block-group-is-layout-flex\" style=\"padding-bottom:var(--wp--preset--spacing--80)\"><div style=\"font-size:0.9rem;letter-spacing:1px; margin-top:0;margin-right:0;margin-bottom:0;margin-left:0;\" class=\"has-text-align-left has-link-color wp-elements-ac2287e58ff1ab9b47e701aaabe2723e wp-block-post-date has-text-color has-contrast-color\"><time datetime=\"2026-02-24T14:04:52+01:00\">2\/24\/2026<\/time><\/div>\n\n\n<div class=\"wp-block-group\" style=\"margin-top:0;margin-bottom:0\"><div class=\"wp-block-group__inner-container is-layout-constrained wp-block-group-is-layout-constrained\"><h2 style=\"font-size:4.6rem;font-style:normal;font-weight:600;line-height:1;\" class=\"has-link-color wp-elements-6c63676d444148112043a3d23d59cf70 wp-block-post-title has-text-color has-contrast-color\"><a href=\"http:\/\/rafanadalacademypadeltour.com\/it\/valencia-vibra-con-il-rafa-nadal-academy-padel-tour-by-theadecco-group\/\" target=\"_self\" >Valencia vibra con il Rafa Nadal Academy P\u00e1del Tour by TheAdecco Group<\/a><\/h2>\n\n<div style=\"line-height:1.7;\" class=\"wp-block-post-excerpt has-small-font-size\"><p class=\"wp-block-post-excerpt__excerpt\">Il Rafa Nadal Academy P\u00e1del Tour by The Adecco Group ha vissuto questo fine settimana a Valencia uno dei momenti pi\u00f9 importanti della stagione. Un totale di 250 giocatori ha partecipato il 19 e 20 settembre al Family Sport Center, nella sesta tappa del circuito. L\u2019evento ha riunito giocatori di diverse categorie maschili e femminili.&hellip; <\/p><\/div><\/div><\/div>\n<\/div>\n<\/div><\/div>\n\n<\/li><\/ul><\/div><\/div>\n\n\n\n<div class=\"wp-block-group is-content-justification-left\" style=\"margin-top:0;margin-bottom:0;padding-top:0;padding-right:var(--wp--preset--spacing--40);padding-bottom:var(--wp--preset--spacing--40);padding-left:var(--wp--preset--spacing--40)\"><div class=\"wp-block-group__inner-container is-layout-constrained wp-container-core-group-is-layout-4f3b647b wp-block-group-is-layout-constrained\"><nav class=\"wp-block-query-pagination is-content-justification-left is-nowrap is-layout-flex wp-container-core-query-pagination-is-layout-f56a869c wp-block-query-pagination-is-layout-flex\" aria-label=\"Paginazione\">\n\n\n<a href=\"\/it\/wp-json\/wp\/v2\/pages\/3120?query-31-page=2\" style=\"font-size:0.9rem;text-transform:uppercase;letter-spacing:1px;\" class=\"wp-elements-165a8aa96a7546446f11c5f70728c230 wp-block-query-pagination-next\">Pagina successiva<\/a>\n<\/nav><\/div><\/div>\n<\/div>\n","protected":false},"excerpt":{"rendered":"","protected":false},"author":5,"featured_media":0,"parent":0,"menu_order":0,"comment_status":"closed","ping_status":"closed","template":"elementor_header_footer","meta":{"footnotes":""},"class_list":["post-3120","page","type-page","status-publish","hentry"],"yoast_head":"<!-- This site is optimized with the Yoast SEO plugin v27.4 - https:\/\/yoast.com\/product\/yoast-seo-wordpress\/ -->\n<title>- Rafa Nadal Academy Padel Tour<\/title>\n<meta name=\"robots\" content=\"index, follow, max-snippet:-1, max-image-preview:large, max-video-preview:-1\" \/>\n<link rel=\"canonical\" href=\"http:\/\/rafanadalacademypadeltour.com\/it\/3120-2\/\" \/>\n<link rel=\"next\" href=\"http:\/\/rafanadalacademypadeltour.com\/it\/3120-2\/3120\/?query-31-page=2\" \/>\n<meta property=\"og:locale\" content=\"it_IT\" \/>\n<meta property=\"og:type\" content=\"article\" \/>\n<meta property=\"og:title\" content=\"- Rafa Nadal Academy Padel Tour\" \/>\n<meta property=\"og:url\" content=\"http:\/\/rafanadalacademypadeltour.com\/it\/3120-2\/\" \/>\n<meta property=\"og:site_name\" content=\"Rafa Nadal Academy Padel Tour\" \/>\n<meta property=\"article:modified_time\" content=\"2026-02-25T11:27:59+00:00\" \/>\n<meta name=\"twitter:card\" content=\"summary_large_image\" \/>\n<script type=\"application\/ld+json\" class=\"yoast-schema-graph\">{\"@context\":\"https:\\\/\\\/schema.org\",\"@graph\":[{\"@type\":\"WebPage\",\"@id\":\"http:\\\/\\\/rafanadalacademypadeltour.com\\\/it\\\/3120-2\\\/\",\"url\":\"http:\\\/\\\/rafanadalacademypadeltour.com\\\/it\\\/3120-2\\\/\",\"name\":\"- Rafa Nadal Academy Padel Tour\",\"isPartOf\":{\"@id\":\"https:\\\/\\\/rafanadalacademypadeltour.com\\\/it\\\/#website\"},\"datePublished\":\"2026-02-23T16:20:56+00:00\",\"dateModified\":\"2026-02-25T11:27:59+00:00\",\"inLanguage\":\"it-IT\",\"potentialAction\":[{\"@type\":\"ReadAction\",\"target\":[\"http:\\\/\\\/rafanadalacademypadeltour.com\\\/it\\\/3120-2\\\/\"]}]},{\"@type\":\"WebSite\",\"@id\":\"https:\\\/\\\/rafanadalacademypadeltour.com\\\/it\\\/#website\",\"url\":\"https:\\\/\\\/rafanadalacademypadeltour.com\\\/it\\\/\",\"name\":\"Rafa Nadal Academy Padel Tour\",\"description\":\"\",\"publisher\":{\"@id\":\"https:\\\/\\\/rafanadalacademypadeltour.com\\\/it\\\/#organization\"},\"potentialAction\":[{\"@type\":\"SearchAction\",\"target\":{\"@type\":\"EntryPoint\",\"urlTemplate\":\"https:\\\/\\\/rafanadalacademypadeltour.com\\\/it\\\/?s={search_term_string}\"},\"query-input\":{\"@type\":\"PropertyValueSpecification\",\"valueRequired\":true,\"valueName\":\"search_term_string\"}}],\"inLanguage\":\"it-IT\"},{\"@type\":\"Organization\",\"@id\":\"https:\\\/\\\/rafanadalacademypadeltour.com\\\/it\\\/#organization\",\"name\":\"Rafa Nadal Academy Padel Tour\",\"url\":\"https:\\\/\\\/rafanadalacademypadeltour.com\\\/it\\\/\",\"logo\":{\"@type\":\"ImageObject\",\"inLanguage\":\"it-IT\",\"@id\":\"https:\\\/\\\/rafanadalacademypadeltour.com\\\/it\\\/#\\\/schema\\\/logo\\\/image\\\/\",\"url\":\"http:\\\/\\\/rafanadalacademypadeltour.com\\\/wp-content\\\/uploads\\\/2024\\\/04\\\/RNA_PT_nopatro_blanco.png\",\"contentUrl\":\"http:\\\/\\\/rafanadalacademypadeltour.com\\\/wp-content\\\/uploads\\\/2024\\\/04\\\/RNA_PT_nopatro_blanco.png\",\"width\":394,\"height\":114,\"caption\":\"Rafa Nadal Academy Padel Tour\"},\"image\":{\"@id\":\"https:\\\/\\\/rafanadalacademypadeltour.com\\\/it\\\/#\\\/schema\\\/logo\\\/image\\\/\"}}]}<\/script>\n<!-- \/ Yoast SEO plugin. -->","yoast_head_json":{"title":"- Rafa Nadal Academy Padel Tour","robots":{"index":"index","follow":"follow","max-snippet":"max-snippet:-1","max-image-preview":"max-image-preview:large","max-video-preview":"max-video-preview:-1"},"canonical":"http:\/\/rafanadalacademypadeltour.com\/it\/3120-2\/","next":"http:\/\/rafanadalacademypadeltour.com\/it\/3120-2\/3120?query-31-page=2","og_locale":"it_IT","og_type":"article","og_title":"- Rafa Nadal Academy Padel Tour","og_url":"http:\/\/rafanadalacademypadeltour.com\/it\/3120-2\/","og_site_name":"Rafa Nadal Academy Padel Tour","article_modified_time":"2026-02-25T11:27:59+00:00","twitter_card":"summary_large_image","schema":{"@context":"https:\/\/schema.org","@graph":[{"@type":"WebPage","@id":"http:\/\/rafanadalacademypadeltour.com\/it\/3120-2\/","url":"http:\/\/rafanadalacademypadeltour.com\/it\/3120-2\/","name":"- Rafa Nadal Academy Padel Tour","isPartOf":{"@id":"https:\/\/rafanadalacademypadeltour.com\/it\/#website"},"datePublished":"2026-02-23T16:20:56+00:00","dateModified":"2026-02-25T11:27:59+00:00","inLanguage":"it-IT","potentialAction":[{"@type":"ReadAction","target":["http:\/\/rafanadalacademypadeltour.com\/it\/3120-2\/"]}]},{"@type":"WebSite","@id":"https:\/\/rafanadalacademypadeltour.com\/it\/#website","url":"https:\/\/rafanadalacademypadeltour.com\/it\/","name":"Rafa Nadal Academy Padel Tour","description":"","publisher":{"@id":"https:\/\/rafanadalacademypadeltour.com\/it\/#organization"},"potentialAction":[{"@type":"SearchAction","target":{"@type":"EntryPoint","urlTemplate":"https:\/\/rafanadalacademypadeltour.com\/it\/?s={search_term_string}"},"query-input":{"@type":"PropertyValueSpecification","valueRequired":true,"valueName":"search_term_string"}}],"inLanguage":"it-IT"},{"@type":"Organization","@id":"https:\/\/rafanadalacademypadeltour.com\/it\/#organization","name":"Rafa Nadal Academy Padel Tour","url":"https:\/\/rafanadalacademypadeltour.com\/it\/","logo":{"@type":"ImageObject","inLanguage":"it-IT","@id":"https:\/\/rafanadalacademypadeltour.com\/it\/#\/schema\/logo\/image\/","url":"http:\/\/rafanadalacademypadeltour.com\/wp-content\/uploads\/2024\/04\/RNA_PT_nopatro_blanco.png","contentUrl":"http:\/\/rafanadalacademypadeltour.com\/wp-content\/uploads\/2024\/04\/RNA_PT_nopatro_blanco.png","width":394,"height":114,"caption":"Rafa Nadal Academy Padel Tour"},"image":{"@id":"https:\/\/rafanadalacademypadeltour.com\/it\/#\/schema\/logo\/image\/"}}]}},"_links":{"self":[{"href":"http:\/\/rafanadalacademypadeltour.com\/it\/wp-json\/wp\/v2\/pages\/3120","targetHints":{"allow":["GET"]}}],"collection":[{"href":"http:\/\/rafanadalacademypadeltour.com\/it\/wp-json\/wp\/v2\/pages"}],"about":[{"href":"http:\/\/rafanadalacademypadeltour.com\/it\/wp-json\/wp\/v2\/types\/page"}],"author":[{"embeddable":true,"href":"http:\/\/rafanadalacademypadeltour.com\/it\/wp-json\/wp\/v2\/users\/5"}],"replies":[{"embeddable":true,"href":"http:\/\/rafanadalacademypadeltour.com\/it\/wp-json\/wp\/v2\/comments?post=3120"}],"version-history":[{"count":1,"href":"http:\/\/rafanadalacademypadeltour.com\/it\/wp-json\/wp\/v2\/pages\/3120\/revisions"}],"predecessor-version":[{"id":3123,"href":"http:\/\/rafanadalacademypadeltour.com\/it\/wp-json\/wp\/v2\/pages\/3120\/revisions\/3123"}],"wp:attachment":[{"href":"http:\/\/rafanadalacademypadeltour.com\/it\/wp-json\/wp\/v2\/media?parent=3120"}],"curies":[{"name":"wp","href":"https:\/\/api.w.org\/{rel}","templated":true}]}}