{"id":2935,"date":"2024-07-10T09:46:41","date_gmt":"2024-07-10T07:46:41","guid":{"rendered":"https:\/\/rafanadalacademypadeltour.com\/sorteggio\/"},"modified":"2026-02-25T12:24:21","modified_gmt":"2026-02-25T11:24:21","slug":"sorteggio","status":"publish","type":"page","link":"https:\/\/rafanadalacademypadeltour.com\/it\/sorteggio\/","title":{"rendered":"SORTEGGIO"},"content":{"rendered":"\t\t<div data-elementor-type=\"wp-page\" data-elementor-id=\"2935\" class=\"elementor elementor-2935 elementor-1231\" data-elementor-post-type=\"page\">\n\t\t\t\t<div class=\"elementor-element elementor-element-2cffe87 e-con-full e-flex e-con e-parent\" data-id=\"2cffe87\" data-element_type=\"container\" data-e-type=\"container\" data-settings=\"{&quot;background_background&quot;:&quot;classic&quot;}\">\n\t\t<div class=\"elementor-element elementor-element-5f5322b e-con-full e-flex e-con e-child\" data-id=\"5f5322b\" data-element_type=\"container\" data-e-type=\"container\">\n\t\t\t\t<div class=\"elementor-element elementor-element-f99f691 elementor-widget-tablet__width-inherit elementor-hidden-mobile elementor-widget elementor-widget-heading\" data-id=\"f99f691\" data-element_type=\"widget\" data-e-type=\"widget\" data-widget_type=\"heading.default\">\n\t\t\t\t<div class=\"elementor-widget-container\">\n\t\t\t\t\t<h2 class=\"elementor-heading-title elementor-size-default\">Sorteggio<\/h2>\t\t\t\t<\/div>\n\t\t\t\t<\/div>\n\t\t\t\t<\/div>\n\t\t\t\t<\/div>\n\t\t<div class=\"elementor-element elementor-element-5121fee e-con-full e-flex e-con e-parent\" data-id=\"5121fee\" data-element_type=\"container\" data-e-type=\"container\" data-settings=\"{&quot;background_background&quot;:&quot;classic&quot;}\">\n\t\t<div class=\"elementor-element elementor-element-7bb33f8 e-flex e-con-boxed e-con e-child\" data-id=\"7bb33f8\" data-element_type=\"container\" data-e-type=\"container\">\n\t\t\t\t\t<div class=\"e-con-inner\">\n\t\t\t\t<div class=\"elementor-element elementor-element-a675531 elementor-widget elementor-widget-heading\" data-id=\"a675531\" data-element_type=\"widget\" data-e-type=\"widget\" data-widget_type=\"heading.default\">\n\t\t\t\t<div class=\"elementor-widget-container\">\n\t\t\t\t\t<h2 class=\"elementor-heading-title elementor-size-default\">Partecipa al circuito e vinci un posto nella Prova Finale di Maiorca!<\/h2>\t\t\t\t<\/div>\n\t\t\t\t<\/div>\n\t\t\t\t\t<\/div>\n\t\t\t\t<\/div>\n\t\t<div class=\"elementor-element elementor-element-9d2d7e8 e-flex e-con-boxed e-con e-child\" data-id=\"9d2d7e8\" data-element_type=\"container\" data-e-type=\"container\">\n\t\t\t\t\t<div class=\"e-con-inner\">\n\t\t\t\t<div class=\"elementor-element elementor-element-4c7b20e elementor-widget elementor-widget-text-editor\" data-id=\"4c7b20e\" data-element_type=\"widget\" data-e-type=\"widget\" data-widget_type=\"text-editor.default\">\n\t\t\t\t<div class=\"elementor-widget-container\">\n\t\t\t\t\t\t\t\t\t<p class=\"x_MsoNormal\">Il <b>Rafa Nadal Academy P\u00e1del Tour by the Adecco Group<\/b> \u00e8 composto da 8 tornei indipendenti e culminer\u00e0 con una Prova Finale presso l&#8217;accademia di Rafa Nadal a Maiorca.<\/p><p class=\"x_MsoNormal\"><strong>Tutti i team iscritti al Tour<\/strong> avranno l&#8217;opportunit\u00e0 di <strong>partecipare a un sorteggio e vincere un posto<\/strong> per competere nella Prova Finale che si terr\u00e0 a Maiorca. <\/p>\t\t\t\t\t\t\t\t<\/div>\n\t\t\t\t<\/div>\n\t\t<div class=\"elementor-element elementor-element-e789131 e-con-full e-flex e-con e-child\" data-id=\"e789131\" data-element_type=\"container\" data-e-type=\"container\" data-settings=\"{&quot;background_background&quot;:&quot;classic&quot;}\">\n\t\t\t\t<div class=\"elementor-element elementor-element-02f65f8 elementor-widget-tablet__width-inherit elementor-widget elementor-widget-text-editor\" data-id=\"02f65f8\" data-element_type=\"widget\" data-e-type=\"widget\" data-widget_type=\"text-editor.default\">\n\t\t\t\t<div class=\"elementor-widget-container\">\n\t\t\t\t\t\t\t\t\t<ul><li>Effettueremo <strong>un primo sorteggio tra tutti i partecipanti di ogni torneo durante la cerimonia di premiazione di ogni sede<\/strong>, dal quale selezioneremo un team finalista che parteciper\u00e0 al grande sorteggio finale.<\/li><li><strong>Al termine dell&#8217;ultimo torneo del circuito, effettueremo un ultimo sorteggio tra i team finalisti di ogni torneo<\/strong> e annunceremo il nome del vincitore.<\/li><\/ul>\t\t\t\t\t\t\t\t<\/div>\n\t\t\t\t<\/div>\n\t\t\t\t<div class=\"elementor-element elementor-element-2d107ab1 elementor-widget-tablet__width-inherit elementor-widget-mobile__width-inherit elementor-widget elementor-widget-heading\" data-id=\"2d107ab1\" data-element_type=\"widget\" data-e-type=\"widget\" data-widget_type=\"heading.default\">\n\t\t\t\t<div class=\"elementor-widget-container\">\n\t\t\t\t\t<h2 class=\"elementor-heading-title elementor-size-default\">Qual \u00e8 la meccanica del Sorteggio?<\/h2>\t\t\t\t<\/div>\n\t\t\t\t<\/div>\n\t\t\t\t<\/div>\n\t\t\t\t\t<\/div>\n\t\t\t\t<\/div>\n\t\t\t\t<\/div>\n\t\t<div class=\"elementor-element elementor-element-e7b1281 e-con-full e-flex e-con e-parent\" data-id=\"e7b1281\" data-element_type=\"container\" data-e-type=\"container\" data-settings=\"{&quot;background_background&quot;:&quot;classic&quot;}\">\n\t\t<div class=\"elementor-element elementor-element-27f5af4 e-con-full e-flex e-con e-child\" data-id=\"27f5af4\" data-element_type=\"container\" data-e-type=\"container\">\n\t\t\t\t<div class=\"elementor-element elementor-element-956d22a elementor-widget elementor-widget-heading\" data-id=\"956d22a\" data-element_type=\"widget\" data-e-type=\"widget\" data-widget_type=\"heading.default\">\n\t\t\t\t<div class=\"elementor-widget-container\">\n\t\t\t\t\t<h2 class=\"elementor-heading-title elementor-size-default\">Cosa include il premio?<\/h2>\t\t\t\t<\/div>\n\t\t\t\t<\/div>\n\t\t\t\t<div class=\"elementor-element elementor-element-5eff53d elementor-align-start elementor-icon-list--layout-traditional elementor-list-item-link-full_width elementor-widget elementor-widget-icon-list\" data-id=\"5eff53d\" data-element_type=\"widget\" data-e-type=\"widget\" data-widget_type=\"icon-list.default\">\n\t\t\t\t<div class=\"elementor-widget-container\">\n\t\t\t\t\t\t\t<ul class=\"elementor-icon-list-items\">\n\t\t\t\t\t\t\t<li class=\"elementor-icon-list-item\">\n\t\t\t\t\t\t\t\t\t\t\t<span class=\"elementor-icon-list-icon\">\n\t\t\t\t\t\t\t<i aria-hidden=\"true\" class=\"ion ion-ios-tennisball\"><\/i>\t\t\t\t\t\t<\/span>\n\t\t\t\t\t\t\t\t\t\t<span class=\"elementor-icon-list-text\">Iscrizione del team alla Prova Finale del RNA Padel Tour by Adecco.<\/span>\n\t\t\t\t\t\t\t\t\t<\/li>\n\t\t\t\t\t\t\t\t<li class=\"elementor-icon-list-item\">\n\t\t\t\t\t\t\t\t\t\t\t<span class=\"elementor-icon-list-icon\">\n\t\t\t\t\t\t\t<i aria-hidden=\"true\" class=\"ion ion-ios-tennisball\"><\/i>\t\t\t\t\t\t<\/span>\n\t\t\t\t\t\t\t\t\t\t<span class=\"elementor-icon-list-text\">4 notti di soggiorno (da mercoled\u00ec a domenica) presso la Rafa Nadal Residence per i membri del team in camera doppia con mezza pensione.<\/span>\n\t\t\t\t\t\t\t\t\t<\/li>\n\t\t\t\t\t\t\t\t<li class=\"elementor-icon-list-item\">\n\t\t\t\t\t\t\t\t\t\t\t<span class=\"elementor-icon-list-icon\">\n\t\t\t\t\t\t\t<i aria-hidden=\"true\" class=\"ion ion-ios-tennisball\"><\/i>\t\t\t\t\t\t<\/span>\n\t\t\t\t\t\t\t\t\t\t<span class=\"elementor-icon-list-text\">3 ore di allenamento di padel in gruppo (1,5h gioved\u00ec e 1,5h venerd\u00ec).<\/span>\n\t\t\t\t\t\t\t\t\t<\/li>\n\t\t\t\t\t\t\t\t<li class=\"elementor-icon-list-item\">\n\t\t\t\t\t\t\t\t\t\t\t<span class=\"elementor-icon-list-icon\">\n\t\t\t\t\t\t\t<i aria-hidden=\"true\" class=\"ion ion-ios-tennisball\"><\/i>\t\t\t\t\t\t<\/span>\n\t\t\t\t\t\t\t\t\t\t<span class=\"elementor-icon-list-text\">Accesso al Fitness Center con 200 attivit\u00e0 guidate a settimana e piscine.<\/span>\n\t\t\t\t\t\t\t\t\t<\/li>\n\t\t\t\t\t\t\t\t<li class=\"elementor-icon-list-item\">\n\t\t\t\t\t\t\t\t\t\t\t<span class=\"elementor-icon-list-icon\">\n\t\t\t\t\t\t\t<i aria-hidden=\"true\" class=\"ion ion-ios-tennisball\"><\/i>\t\t\t\t\t\t<\/span>\n\t\t\t\t\t\t\t\t\t\t<span class=\"elementor-icon-list-text\">Accesso alla SPA con circuito idrotermale, sauna e bagno turco.<\/span>\n\t\t\t\t\t\t\t\t\t<\/li>\n\t\t\t\t\t\t\t\t<li class=\"elementor-icon-list-item\">\n\t\t\t\t\t\t\t\t\t\t\t<span class=\"elementor-icon-list-icon\">\n\t\t\t\t\t\t\t<i aria-hidden=\"true\" class=\"ion ion-ios-tennisball\"><\/i>\t\t\t\t\t\t<\/span>\n\t\t\t\t\t\t\t\t\t\t<span class=\"elementor-icon-list-text\">Welcome drink.<\/span>\n\t\t\t\t\t\t\t\t\t<\/li>\n\t\t\t\t\t\t\t\t<li class=\"elementor-icon-list-item\">\n\t\t\t\t\t\t\t\t\t\t\t<span class=\"elementor-icon-list-icon\">\n\t\t\t\t\t\t\t<i aria-hidden=\"true\" class=\"ion ion-ios-tennisball\"><\/i>\t\t\t\t\t\t<\/span>\n\t\t\t\t\t\t\t\t\t\t<span class=\"elementor-icon-list-text\">Tardeo Mahou con musica dal vivo.<\/span>\n\t\t\t\t\t\t\t\t\t<\/li>\n\t\t\t\t\t\t\t\t<li class=\"elementor-icon-list-item\">\n\t\t\t\t\t\t\t\t\t\t\t<span class=\"elementor-icon-list-icon\">\n\t\t\t\t\t\t\t<i aria-hidden=\"true\" class=\"ion ion-ios-tennisball\"><\/i>\t\t\t\t\t\t<\/span>\n\t\t\t\t\t\t\t\t\t\t<span class=\"elementor-icon-list-text\">Ingresso al Rafa Nadal Museum incluso con l'alloggio.<\/span>\n\t\t\t\t\t\t\t\t\t<\/li>\n\t\t\t\t\t\t\t\t<li class=\"elementor-icon-list-item\">\n\t\t\t\t\t\t\t\t\t\t\t<span class=\"elementor-icon-list-icon\">\n\t\t\t\t\t\t\t<i aria-hidden=\"true\" class=\"ion ion-ios-tennisball\"><\/i>\t\t\t\t\t\t<\/span>\n\t\t\t\t\t\t\t\t\t\t<span class=\"elementor-icon-list-text\">Welcome pack ufficiale.<\/span>\n\t\t\t\t\t\t\t\t\t<\/li>\n\t\t\t\t\t\t<\/ul>\n\t\t\t\t\t\t<\/div>\n\t\t\t\t<\/div>\n\t\t\t\t<\/div>\n\t\t<div class=\"elementor-element elementor-element-6043575 e-con-full e-flex e-con e-child\" data-id=\"6043575\" data-element_type=\"container\" data-e-type=\"container\">\n\t\t\t\t<div class=\"elementor-element elementor-element-d4cc07d elementor-widget__width-initial elementor-widget-tablet__width-inherit elementor-widget elementor-widget-image\" data-id=\"d4cc07d\" data-element_type=\"widget\" data-e-type=\"widget\" data-widget_type=\"image.default\">\n\t\t\t\t<div class=\"elementor-widget-container\">\n\t\t\t\t\t\t\t\t\t\t\t\t\t\t\t<img fetchpriority=\"high\" decoding=\"async\" width=\"580\" height=\"464\" src=\"https:\/\/rafanadalacademypadeltour.com\/wp-content\/uploads\/2024\/07\/RNA00700-1-1024x819.jpg\" class=\"attachment-large size-large wp-image-2938\" alt=\"\" srcset=\"https:\/\/rafanadalacademypadeltour.com\/wp-content\/uploads\/2024\/07\/RNA00700-1-1024x819.jpg 1024w, https:\/\/rafanadalacademypadeltour.com\/wp-content\/uploads\/2024\/07\/RNA00700-1-300x240.jpg 300w, https:\/\/rafanadalacademypadeltour.com\/wp-content\/uploads\/2024\/07\/RNA00700-1-768x614.jpg 768w, https:\/\/rafanadalacademypadeltour.com\/wp-content\/uploads\/2024\/07\/RNA00700-1-1536x1229.jpg 1536w, https:\/\/rafanadalacademypadeltour.com\/wp-content\/uploads\/2024\/07\/RNA00700-1-2048x1638.jpg 2048w\" sizes=\"(max-width: 580px) 100vw, 580px\" \/>\t\t\t\t\t\t\t\t\t\t\t\t\t\t\t<\/div>\n\t\t\t\t<\/div>\n\t\t\t\t<\/div>\n\t\t\t\t<\/div>\n\t\t<div class=\"elementor-element elementor-element-f73e152 e-con-full e-flex e-con e-parent\" data-id=\"f73e152\" data-element_type=\"container\" data-e-type=\"container\" data-settings=\"{&quot;background_background&quot;:&quot;classic&quot;}\">\n\t\t<div class=\"elementor-element elementor-element-e009b47 e-con-full e-flex e-con e-child\" data-id=\"e009b47\" data-element_type=\"container\" data-e-type=\"container\">\n\t\t\t\t<div class=\"elementor-element elementor-element-5607828 elementor-widget elementor-widget-heading\" data-id=\"5607828\" data-element_type=\"widget\" data-e-type=\"widget\" data-widget_type=\"heading.default\">\n\t\t\t\t<div class=\"elementor-widget-container\">\n\t\t\t\t\t<h4 class=\"elementor-heading-title elementor-size-default\">Immergiti in un'esperienza indimenticabile di competizione, allenamento e divertimento con i tuoi compagni di squadra in un luogo unico per gli amanti dello sport!<\/h4>\t\t\t\t<\/div>\n\t\t\t\t<\/div>\n\t\t\t\t<div class=\"elementor-element elementor-element-6a4bf9a elementor-widget elementor-widget-text-editor\" data-id=\"6a4bf9a\" data-element_type=\"widget\" data-e-type=\"widget\" data-widget_type=\"text-editor.default\">\n\t\t\t\t<div class=\"elementor-widget-container\">\n\t\t\t\t\t\t\t\t\t<p class=\"x_MsoNormal\">Ti ricordiamo che, anche se non risulterai vincitore del sorteggio, puoi goderti questa esperienza presso la Rafa Nadal Academy <strong>prenotandola con uno sconto esclusivo del 20%.<\/strong><\/p>\t\t\t\t\t\t\t\t<\/div>\n\t\t\t\t<\/div>\n\t\t\t\t<div class=\"elementor-element elementor-element-9d90aa9 elementor-align-center elementor-widget__width-auto elementor-widget elementor-widget-button\" data-id=\"9d90aa9\" data-element_type=\"widget\" data-e-type=\"widget\" data-widget_type=\"button.default\">\n\t\t\t\t<div class=\"elementor-widget-container\">\n\t\t\t\t\t\t\t\t\t<div class=\"elementor-button-wrapper\">\n\t\t\t\t\t<a class=\"elementor-button elementor-button-link elementor-size-sm\" href=\"https:\/\/booking.rafanadalacademy.com\/torneos\/\" target=\"_blank\">\n\t\t\t\t\t\t<span class=\"elementor-button-content-wrapper\">\n\t\t\t\t\t\t<span class=\"elementor-button-icon\">\n\t\t\t\t<svg aria-hidden=\"true\" class=\"e-font-icon-svg e-far-arrow-alt-circle-right\" viewBox=\"0 0 512 512\" xmlns=\"http:\/\/www.w3.org\/2000\/svg\"><path d=\"M504 256C504 119 393 8 256 8S8 119 8 256s111 248 248 248 248-111 248-248zm-448 0c0-110.5 89.5-200 200-200s200 89.5 200 200-89.5 200-200 200S56 366.5 56 256zm72 20v-40c0-6.6 5.4-12 12-12h116v-67c0-10.7 12.9-16 20.5-8.5l99 99c4.7 4.7 4.7 12.3 0 17l-99 99c-7.6 7.6-20.5 2.2-20.5-8.5v-67H140c-6.6 0-12-5.4-12-12z\"><\/path><\/svg>\t\t\t<\/span>\n\t\t\t\t\t\t\t\t\t<span class=\"elementor-button-text\">Prenota il tuo posto<\/span>\n\t\t\t\t\t<\/span>\n\t\t\t\t\t<\/a>\n\t\t\t\t<\/div>\n\t\t\t\t\t\t\t\t<\/div>\n\t\t\t\t<\/div>\n\t\t\t\t<\/div>\n\t\t\t\t<\/div>\n\t\t<div class=\"elementor-element elementor-element-2e95c845 e-con-full elementor-hidden-desktop elementor-hidden-tablet e-flex e-con e-parent\" data-id=\"2e95c845\" data-element_type=\"container\" data-e-type=\"container\" data-settings=\"{&quot;background_background&quot;:&quot;classic&quot;,&quot;position&quot;:&quot;fixed&quot;,&quot;motion_fx_motion_fx_scrolling&quot;:&quot;yes&quot;,&quot;motion_fx_opacity_effect&quot;:&quot;yes&quot;,&quot;motion_fx_opacity_range&quot;:{&quot;unit&quot;:&quot;%&quot;,&quot;size&quot;:&quot;&quot;,&quot;sizes&quot;:{&quot;start&quot;:20,&quot;end&quot;:23}},&quot;sticky&quot;:&quot;bottom&quot;,&quot;motion_fx_opacity_direction&quot;:&quot;out-in&quot;,&quot;motion_fx_opacity_level&quot;:{&quot;unit&quot;:&quot;px&quot;,&quot;size&quot;:10,&quot;sizes&quot;:[]},&quot;motion_fx_devices&quot;:[&quot;desktop&quot;,&quot;tablet&quot;,&quot;mobile&quot;],&quot;sticky_on&quot;:[&quot;desktop&quot;,&quot;tablet&quot;,&quot;mobile&quot;],&quot;sticky_offset&quot;:0,&quot;sticky_effects_offset&quot;:0,&quot;sticky_anchor_link_offset&quot;:0}\">\n\t\t<div class=\"elementor-element elementor-element-6f4d60f7 e-con-full e-flex e-con e-child\" data-id=\"6f4d60f7\" data-element_type=\"container\" data-e-type=\"container\">\n\t\t\t\t<div class=\"elementor-element elementor-element-4dc483c elementor-align-right elementor-widget__width-auto elementor-mobile-align-right elementor-widget elementor-widget-button\" data-id=\"4dc483c\" data-element_type=\"widget\" data-e-type=\"widget\" data-widget_type=\"button.default\">\n\t\t\t\t<div class=\"elementor-widget-container\">\n\t\t\t\t\t\t\t\t\t<div class=\"elementor-button-wrapper\">\n\t\t\t\t\t<a class=\"elementor-button elementor-button-link elementor-size-sm\" href=\"https:\/\/torneos.metodika.es\/pages\/4799472-rafa-nadal-academy\" target=\"_blank\">\n\t\t\t\t\t\t<span class=\"elementor-button-content-wrapper\">\n\t\t\t\t\t\t<span class=\"elementor-button-icon\">\n\t\t\t\t<svg aria-hidden=\"true\" class=\"e-font-icon-svg e-far-arrow-alt-circle-right\" viewBox=\"0 0 512 512\" xmlns=\"http:\/\/www.w3.org\/2000\/svg\"><path d=\"M504 256C504 119 393 8 256 8S8 119 8 256s111 248 248 248 248-111 248-248zm-448 0c0-110.5 89.5-200 200-200s200 89.5 200 200-89.5 200-200 200S56 366.5 56 256zm72 20v-40c0-6.6 5.4-12 12-12h116v-67c0-10.7 12.9-16 20.5-8.5l99 99c4.7 4.7 4.7 12.3 0 17l-99 99c-7.6 7.6-20.5 2.2-20.5-8.5v-67H140c-6.6 0-12-5.4-12-12z\"><\/path><\/svg>\t\t\t<\/span>\n\t\t\t\t\t\t\t\t\t<span class=\"elementor-button-text\">Iscrizioni<\/span>\n\t\t\t\t\t<\/span>\n\t\t\t\t\t<\/a>\n\t\t\t\t<\/div>\n\t\t\t\t\t\t\t\t<\/div>\n\t\t\t\t<\/div>\n\t\t\t\t<\/div>\n\t\t\t\t<\/div>\n\t\t\t\t<\/div>\n\t\t","protected":false},"excerpt":{"rendered":"<p>Sorteggio Partecipa al circuito e vinci un posto nella Prova Finale di Maiorca! Il Rafa Nadal Academy P\u00e1del Tour by the Adecco Group \u00e8 composto da 8 tornei indipendenti e culminer\u00e0 con una Prova Finale presso l&#8217;accademia di Rafa Nadal a Maiorca. Tutti i team iscritti al Tour avranno l&#8217;opportunit\u00e0 di partecipare a un sorteggio [&hellip;]<\/p>\n","protected":false},"author":1,"featured_media":0,"parent":0,"menu_order":0,"comment_status":"closed","ping_status":"closed","template":"elementor_header_footer","meta":{"footnotes":""},"class_list":["post-2935","page","type-page","status-publish","hentry"],"yoast_head":"<!-- This site is optimized with the Yoast SEO plugin v27.4 - https:\/\/yoast.com\/product\/yoast-seo-wordpress\/ -->\n<title>SORTEGGIO - Rafa Nadal Academy Padel Tour<\/title>\n<meta name=\"robots\" content=\"index, follow, max-snippet:-1, max-image-preview:large, max-video-preview:-1\" \/>\n<link rel=\"canonical\" href=\"https:\/\/rafanadalacademypadeltour.com\/it\/sorteggio\/\" \/>\n<meta property=\"og:locale\" content=\"it_IT\" \/>\n<meta property=\"og:type\" content=\"article\" \/>\n<meta property=\"og:title\" content=\"SORTEGGIO - Rafa Nadal Academy Padel Tour\" \/>\n<meta property=\"og:description\" content=\"Sorteggio Partecipa al circuito e vinci un posto nella Prova Finale di Maiorca! Il Rafa Nadal Academy P\u00e1del Tour by the Adecco Group \u00e8 composto da 8 tornei indipendenti e culminer\u00e0 con una Prova Finale presso l&#8217;accademia di Rafa Nadal a Maiorca. Tutti i team iscritti al Tour avranno l&#8217;opportunit\u00e0 di partecipare a un sorteggio [&hellip;]\" \/>\n<meta property=\"og:url\" content=\"https:\/\/rafanadalacademypadeltour.com\/it\/sorteggio\/\" \/>\n<meta property=\"og:site_name\" content=\"Rafa Nadal Academy Padel Tour\" \/>\n<meta property=\"article:modified_time\" content=\"2026-02-25T11:24:21+00:00\" \/>\n<meta property=\"og:image\" content=\"https:\/\/rafanadalacademypadeltour.com\/wp-content\/uploads\/2024\/07\/RNA00700-1-1024x819.jpg\" \/>\n<meta name=\"twitter:card\" content=\"summary_large_image\" \/>\n<meta name=\"twitter:label1\" content=\"Tempo di lettura stimato\" \/>\n\t<meta name=\"twitter:data1\" content=\"1 minuto\" \/>\n<script type=\"application\/ld+json\" class=\"yoast-schema-graph\">{\"@context\":\"https:\\\/\\\/schema.org\",\"@graph\":[{\"@type\":\"WebPage\",\"@id\":\"https:\\\/\\\/rafanadalacademypadeltour.com\\\/it\\\/sorteggio\\\/\",\"url\":\"https:\\\/\\\/rafanadalacademypadeltour.com\\\/it\\\/sorteggio\\\/\",\"name\":\"SORTEGGIO - Rafa Nadal Academy Padel Tour\",\"isPartOf\":{\"@id\":\"https:\\\/\\\/rafanadalacademypadeltour.com\\\/it\\\/#website\"},\"primaryImageOfPage\":{\"@id\":\"https:\\\/\\\/rafanadalacademypadeltour.com\\\/it\\\/sorteggio\\\/#primaryimage\"},\"image\":{\"@id\":\"https:\\\/\\\/rafanadalacademypadeltour.com\\\/it\\\/sorteggio\\\/#primaryimage\"},\"thumbnailUrl\":\"https:\\\/\\\/rafanadalacademypadeltour.com\\\/wp-content\\\/uploads\\\/2024\\\/07\\\/RNA00700-1-1024x819.jpg\",\"datePublished\":\"2024-07-10T07:46:41+00:00\",\"dateModified\":\"2026-02-25T11:24:21+00:00\",\"breadcrumb\":{\"@id\":\"https:\\\/\\\/rafanadalacademypadeltour.com\\\/it\\\/sorteggio\\\/#breadcrumb\"},\"inLanguage\":\"it-IT\",\"potentialAction\":[{\"@type\":\"ReadAction\",\"target\":[\"https:\\\/\\\/rafanadalacademypadeltour.com\\\/it\\\/sorteggio\\\/\"]}]},{\"@type\":\"ImageObject\",\"inLanguage\":\"it-IT\",\"@id\":\"https:\\\/\\\/rafanadalacademypadeltour.com\\\/it\\\/sorteggio\\\/#primaryimage\",\"url\":\"https:\\\/\\\/rafanadalacademypadeltour.com\\\/wp-content\\\/uploads\\\/2024\\\/07\\\/RNA00700-1-1024x819.jpg\",\"contentUrl\":\"https:\\\/\\\/rafanadalacademypadeltour.com\\\/wp-content\\\/uploads\\\/2024\\\/07\\\/RNA00700-1-1024x819.jpg\"},{\"@type\":\"BreadcrumbList\",\"@id\":\"https:\\\/\\\/rafanadalacademypadeltour.com\\\/it\\\/sorteggio\\\/#breadcrumb\",\"itemListElement\":[{\"@type\":\"ListItem\",\"position\":1,\"name\":\"Portada\",\"item\":\"https:\\\/\\\/rafanadalacademypadeltour.com\\\/it\\\/\"},{\"@type\":\"ListItem\",\"position\":2,\"name\":\"SORTEGGIO\"}]},{\"@type\":\"WebSite\",\"@id\":\"https:\\\/\\\/rafanadalacademypadeltour.com\\\/it\\\/#website\",\"url\":\"https:\\\/\\\/rafanadalacademypadeltour.com\\\/it\\\/\",\"name\":\"Rafa Nadal Academy Padel Tour\",\"description\":\"\",\"publisher\":{\"@id\":\"https:\\\/\\\/rafanadalacademypadeltour.com\\\/it\\\/#organization\"},\"potentialAction\":[{\"@type\":\"SearchAction\",\"target\":{\"@type\":\"EntryPoint\",\"urlTemplate\":\"https:\\\/\\\/rafanadalacademypadeltour.com\\\/it\\\/?s={search_term_string}\"},\"query-input\":{\"@type\":\"PropertyValueSpecification\",\"valueRequired\":true,\"valueName\":\"search_term_string\"}}],\"inLanguage\":\"it-IT\"},{\"@type\":\"Organization\",\"@id\":\"https:\\\/\\\/rafanadalacademypadeltour.com\\\/it\\\/#organization\",\"name\":\"Rafa Nadal Academy Padel Tour\",\"url\":\"https:\\\/\\\/rafanadalacademypadeltour.com\\\/it\\\/\",\"logo\":{\"@type\":\"ImageObject\",\"inLanguage\":\"it-IT\",\"@id\":\"https:\\\/\\\/rafanadalacademypadeltour.com\\\/it\\\/#\\\/schema\\\/logo\\\/image\\\/\",\"url\":\"https:\\\/\\\/rafanadalacademypadeltour.com\\\/wp-content\\\/uploads\\\/2024\\\/04\\\/RNA_PT_nopatro_blanco.png\",\"contentUrl\":\"https:\\\/\\\/rafanadalacademypadeltour.com\\\/wp-content\\\/uploads\\\/2024\\\/04\\\/RNA_PT_nopatro_blanco.png\",\"width\":394,\"height\":114,\"caption\":\"Rafa Nadal Academy Padel Tour\"},\"image\":{\"@id\":\"https:\\\/\\\/rafanadalacademypadeltour.com\\\/it\\\/#\\\/schema\\\/logo\\\/image\\\/\"}}]}<\/script>\n<!-- \/ Yoast SEO plugin. -->","yoast_head_json":{"title":"SORTEGGIO - Rafa Nadal Academy Padel Tour","robots":{"index":"index","follow":"follow","max-snippet":"max-snippet:-1","max-image-preview":"max-image-preview:large","max-video-preview":"max-video-preview:-1"},"canonical":"https:\/\/rafanadalacademypadeltour.com\/it\/sorteggio\/","og_locale":"it_IT","og_type":"article","og_title":"SORTEGGIO - Rafa Nadal Academy Padel Tour","og_description":"Sorteggio Partecipa al circuito e vinci un posto nella Prova Finale di Maiorca! Il Rafa Nadal Academy P\u00e1del Tour by the Adecco Group \u00e8 composto da 8 tornei indipendenti e culminer\u00e0 con una Prova Finale presso l&#8217;accademia di Rafa Nadal a Maiorca. Tutti i team iscritti al Tour avranno l&#8217;opportunit\u00e0 di partecipare a un sorteggio [&hellip;]","og_url":"https:\/\/rafanadalacademypadeltour.com\/it\/sorteggio\/","og_site_name":"Rafa Nadal Academy Padel Tour","article_modified_time":"2026-02-25T11:24:21+00:00","og_image":[{"url":"https:\/\/rafanadalacademypadeltour.com\/wp-content\/uploads\/2024\/07\/RNA00700-1-1024x819.jpg","type":"","width":"","height":""}],"twitter_card":"summary_large_image","twitter_misc":{"Tempo di lettura stimato":"1 minuto"},"schema":{"@context":"https:\/\/schema.org","@graph":[{"@type":"WebPage","@id":"https:\/\/rafanadalacademypadeltour.com\/it\/sorteggio\/","url":"https:\/\/rafanadalacademypadeltour.com\/it\/sorteggio\/","name":"SORTEGGIO - Rafa Nadal Academy Padel Tour","isPartOf":{"@id":"https:\/\/rafanadalacademypadeltour.com\/it\/#website"},"primaryImageOfPage":{"@id":"https:\/\/rafanadalacademypadeltour.com\/it\/sorteggio\/#primaryimage"},"image":{"@id":"https:\/\/rafanadalacademypadeltour.com\/it\/sorteggio\/#primaryimage"},"thumbnailUrl":"https:\/\/rafanadalacademypadeltour.com\/wp-content\/uploads\/2024\/07\/RNA00700-1-1024x819.jpg","datePublished":"2024-07-10T07:46:41+00:00","dateModified":"2026-02-25T11:24:21+00:00","breadcrumb":{"@id":"https:\/\/rafanadalacademypadeltour.com\/it\/sorteggio\/#breadcrumb"},"inLanguage":"it-IT","potentialAction":[{"@type":"ReadAction","target":["https:\/\/rafanadalacademypadeltour.com\/it\/sorteggio\/"]}]},{"@type":"ImageObject","inLanguage":"it-IT","@id":"https:\/\/rafanadalacademypadeltour.com\/it\/sorteggio\/#primaryimage","url":"https:\/\/rafanadalacademypadeltour.com\/wp-content\/uploads\/2024\/07\/RNA00700-1-1024x819.jpg","contentUrl":"https:\/\/rafanadalacademypadeltour.com\/wp-content\/uploads\/2024\/07\/RNA00700-1-1024x819.jpg"},{"@type":"BreadcrumbList","@id":"https:\/\/rafanadalacademypadeltour.com\/it\/sorteggio\/#breadcrumb","itemListElement":[{"@type":"ListItem","position":1,"name":"Portada","item":"https:\/\/rafanadalacademypadeltour.com\/it\/"},{"@type":"ListItem","position":2,"name":"SORTEGGIO"}]},{"@type":"WebSite","@id":"https:\/\/rafanadalacademypadeltour.com\/it\/#website","url":"https:\/\/rafanadalacademypadeltour.com\/it\/","name":"Rafa Nadal Academy Padel Tour","description":"","publisher":{"@id":"https:\/\/rafanadalacademypadeltour.com\/it\/#organization"},"potentialAction":[{"@type":"SearchAction","target":{"@type":"EntryPoint","urlTemplate":"https:\/\/rafanadalacademypadeltour.com\/it\/?s={search_term_string}"},"query-input":{"@type":"PropertyValueSpecification","valueRequired":true,"valueName":"search_term_string"}}],"inLanguage":"it-IT"},{"@type":"Organization","@id":"https:\/\/rafanadalacademypadeltour.com\/it\/#organization","name":"Rafa Nadal Academy Padel Tour","url":"https:\/\/rafanadalacademypadeltour.com\/it\/","logo":{"@type":"ImageObject","inLanguage":"it-IT","@id":"https:\/\/rafanadalacademypadeltour.com\/it\/#\/schema\/logo\/image\/","url":"https:\/\/rafanadalacademypadeltour.com\/wp-content\/uploads\/2024\/04\/RNA_PT_nopatro_blanco.png","contentUrl":"https:\/\/rafanadalacademypadeltour.com\/wp-content\/uploads\/2024\/04\/RNA_PT_nopatro_blanco.png","width":394,"height":114,"caption":"Rafa Nadal Academy Padel Tour"},"image":{"@id":"https:\/\/rafanadalacademypadeltour.com\/it\/#\/schema\/logo\/image\/"}}]}},"_links":{"self":[{"href":"https:\/\/rafanadalacademypadeltour.com\/it\/wp-json\/wp\/v2\/pages\/2935","targetHints":{"allow":["GET"]}}],"collection":[{"href":"https:\/\/rafanadalacademypadeltour.com\/it\/wp-json\/wp\/v2\/pages"}],"about":[{"href":"https:\/\/rafanadalacademypadeltour.com\/it\/wp-json\/wp\/v2\/types\/page"}],"author":[{"embeddable":true,"href":"https:\/\/rafanadalacademypadeltour.com\/it\/wp-json\/wp\/v2\/users\/1"}],"replies":[{"embeddable":true,"href":"https:\/\/rafanadalacademypadeltour.com\/it\/wp-json\/wp\/v2\/comments?post=2935"}],"version-history":[{"count":1,"href":"https:\/\/rafanadalacademypadeltour.com\/it\/wp-json\/wp\/v2\/pages\/2935\/revisions"}],"predecessor-version":[{"id":2940,"href":"https:\/\/rafanadalacademypadeltour.com\/it\/wp-json\/wp\/v2\/pages\/2935\/revisions\/2940"}],"wp:attachment":[{"href":"https:\/\/rafanadalacademypadeltour.com\/it\/wp-json\/wp\/v2\/media?parent=2935"}],"curies":[{"name":"wp","href":"https:\/\/api.w.org\/{rel}","templated":true}]}}